{"id":2,"date":"2021-04-06T18:54:41","date_gmt":"2021-04-06T21:54:41","guid":{"rendered":"http:\/\/localhost:8080\/?page_id=2"},"modified":"2026-03-26T22:34:59","modified_gmt":"2026-03-27T01:34:59","slug":"inscricao","status":"publish","type":"page","link":"https:\/\/www.forumdodesenvolvimento.com.br\/en_us\/inscricao\/","title":{"rendered":"Inscri\u00e7\u00f5es para o evento virtual"},"content":{"rendered":"<p>Follow our social media and find out when you can join this initiative.<\/p>\n\n\n\n<div class=\"wp-block-group colunas is-layout-flex wp-block-group-is-layout-flex\">\n<div class=\"wp-block-group card disabled hide\"><div class=\"wp-block-group__inner-container is-layout-constrained wp-block-group-is-layout-constrained\">\n<h3 class=\"wp-block-heading\">Work and productivity in the digital and \nsustainable future<\/h3>\n\n\n\n<h5 class=\"wp-block-heading\">July 26 (Wednesday)<\/h5>\n\n\n\n<p><a rel=\"noreferrer noopener\" href=\"\/en_us\/Subscribe to our channel\/\" target=\"_blank\">Subscribe to our channel<\/a> and turn on notifications.<\/p>\n<\/div><\/div>\n\n\n\n<div class=\"wp-block-group card\"><div class=\"wp-block-group__inner-container is-layout-constrained wp-block-group-is-layout-constrained\">\n<h3 class=\"wp-block-heading\">11\u00ba Edi\u00e7\u00e3o do F\u00f3rum do Desenvolvimento<\/h3>\n\n\n\t<style>\r\n\t\tdiv {\r\n\t\t\tmargin-bottom: 2px;\r\n\t\t}\r\n\r\n\t\tinput {\r\n\t\t\tmargin-bottom: 4px;\r\n\t\t}\r\n\t<\/style>\r\n\r\n\t\t\t<h3>Desculpe, as inscri\u00e7\u00f5es j\u00e1 foram encerradas!<\/h3>\r\n\t\t\n\n\n\n<p><strong>Inscreva-se para receber o link da transmiss\u00e3o ao vivo.<\/strong><\/p>\n\n\n\n<p><br>As informa\u00e7\u00f5es fornecidas durante o registro ser\u00e3o utilizadas pelas empresas anfitri\u00e3s (ABDE \/ Banco do Brasil \/ Finep), e podem ser usadas e compartilhadas por elas de acordo com os Termos e Pol\u00edticas de Privacidade, seguindo as regras da LGPD.<\/p>\n<\/div><\/div>\n<\/div>","protected":false},"excerpt":{"rendered":"<p>Acompanhe nossas redes sociais e saiba quando voc\u00ea poder\u00e1 participar dessa iniciativa. Trabalho e produtividade no futuro digital e sustent\u00e1vel 26 de julho&nbsp;(quarta-feira) Inscreva-se em nosso canal e ative as notifica\u00e7\u00f5es. 11\u00ba Edi\u00e7\u00e3o do F\u00f3rum do Desenvolvimento Inscreva-se para receber o link da transmiss\u00e3o ao vivo. As informa\u00e7\u00f5es fornecidas durante o registro ser\u00e3o utilizadas pelas [&hellip;]<\/p>","protected":false},"author":1,"featured_media":0,"parent":0,"menu_order":20,"comment_status":"closed","ping_status":"closed","template":"","meta":{"footnotes":""},"class_list":["post-2","page","type-page","status-publish","hentry"],"_links":{"self":[{"href":"https:\/\/www.forumdodesenvolvimento.com.br\/en_us\/wp-json\/wp\/v2\/pages\/2","targetHints":{"allow":["GET"]}}],"collection":[{"href":"https:\/\/www.forumdodesenvolvimento.com.br\/en_us\/wp-json\/wp\/v2\/pages"}],"about":[{"href":"https:\/\/www.forumdodesenvolvimento.com.br\/en_us\/wp-json\/wp\/v2\/types\/page"}],"author":[{"embeddable":true,"href":"https:\/\/www.forumdodesenvolvimento.com.br\/en_us\/wp-json\/wp\/v2\/users\/1"}],"replies":[{"embeddable":true,"href":"https:\/\/www.forumdodesenvolvimento.com.br\/en_us\/wp-json\/wp\/v2\/comments?post=2"}],"version-history":[{"count":27,"href":"https:\/\/www.forumdodesenvolvimento.com.br\/en_us\/wp-json\/wp\/v2\/pages\/2\/revisions"}],"predecessor-version":[{"id":502,"href":"https:\/\/www.forumdodesenvolvimento.com.br\/en_us\/wp-json\/wp\/v2\/pages\/2\/revisions\/502"}],"wp:attachment":[{"href":"https:\/\/www.forumdodesenvolvimento.com.br\/en_us\/wp-json\/wp\/v2\/media?parent=2"}],"curies":[{"name":"wp","href":"https:\/\/api.w.org\/{rel}","templated":true}]}}