{"id":446,"date":"2026-02-05T16:42:07","date_gmt":"2026-02-05T19:42:07","guid":{"rendered":"https:\/\/www.forumdodesenvolvimento.com.br\/?page_id=446"},"modified":"2026-03-06T17:30:24","modified_gmt":"2026-03-06T20:30:24","slug":"home-2026","status":"publish","type":"page","link":"https:\/\/www.forumdodesenvolvimento.com.br\/en_us\/","title":{"rendered":"Home 2026"},"content":{"rendered":"<section id=\"banner\" class=\"wp-block-group section\"><div class=\"wp-block-group__inner-container is-layout-constrained wp-block-group-is-layout-constrained\">\n<div class=\"wp-block-group banner banner-texto\"><div class=\"wp-block-group__inner-container is-layout-constrained wp-block-group-is-layout-constrained\">\n<div class=\"wp-block-group container\"><div class=\"wp-block-group__inner-container is-layout-constrained wp-block-group-is-layout-constrained\">\n<h2 class=\"wp-block-heading has-text-align-left\">Da <strong>Arquitetura Financeira <\/strong>Internacional aos Fundos P\u00fablicos nacionais: <strong>Caminhos para o Desenvolvimento<\/strong><\/h2>\n<\/div><\/div>\n<\/div><\/div>\n<\/div><\/section>\n\n\n\n<section id=\"info\" class=\"wp-block-group\"><div class=\"wp-block-group__inner-container is-layout-constrained wp-block-group-is-layout-constrained\">\n<div class=\"wp-block-group banner banner-white\"><div class=\"wp-block-group__inner-container is-layout-constrained wp-block-group-is-layout-constrained\"><div class=\"wp-block-image logo\">\n<figure class=\"aligncenter size-full\"><img loading=\"lazy\" decoding=\"async\" width=\"2300\" height=\"829\" src=\"https:\/\/www.forumdodesenvolvimento.com.br\/wp-content\/uploads\/2026\/02\/Forum-do-desenvolvimento-2026.png\" alt=\"\" class=\"wp-image-454\" srcset=\"https:\/\/www.forumdodesenvolvimento.com.br\/wp-content\/uploads\/2026\/02\/Forum-do-desenvolvimento-2026.png 2300w, https:\/\/www.forumdodesenvolvimento.com.br\/wp-content\/uploads\/2026\/02\/Forum-do-desenvolvimento-2026-300x108.png 300w, https:\/\/www.forumdodesenvolvimento.com.br\/wp-content\/uploads\/2026\/02\/Forum-do-desenvolvimento-2026-1024x369.png 1024w, https:\/\/www.forumdodesenvolvimento.com.br\/wp-content\/uploads\/2026\/02\/Forum-do-desenvolvimento-2026-768x277.png 768w, https:\/\/www.forumdodesenvolvimento.com.br\/wp-content\/uploads\/2026\/02\/Forum-do-desenvolvimento-2026-1536x554.png 1536w, https:\/\/www.forumdodesenvolvimento.com.br\/wp-content\/uploads\/2026\/02\/Forum-do-desenvolvimento-2026-2048x738.png 2048w, https:\/\/www.forumdodesenvolvimento.com.br\/wp-content\/uploads\/2026\/02\/Forum-do-desenvolvimento-2026-18x6.png 18w\" sizes=\"auto, (max-width: 2300px) 100vw, 2300px\" \/><\/figure>\n<\/div>\n\n\n<div class=\"wp-block-group detalhes\"><div class=\"wp-block-group__inner-container is-layout-constrained wp-block-group-is-layout-constrained\">\n<div class=\"wp-block-media-text\" style=\"grid-template-columns:15% auto\"><figure class=\"wp-block-media-text__media\"><img loading=\"lazy\" decoding=\"async\" width=\"52\" height=\"68\" src=\"https:\/\/www.forumdodesenvolvimento.com.br\/wp-content\/uploads\/2024\/06\/ico-location.png\" alt=\"\" class=\"wp-image-340 size-full\" srcset=\"https:\/\/www.forumdodesenvolvimento.com.br\/wp-content\/uploads\/2024\/06\/ico-location.png 52w, https:\/\/www.forumdodesenvolvimento.com.br\/wp-content\/uploads\/2024\/06\/ico-location-9x12.png 9w\" sizes=\"auto, (max-width: 52px) 100vw, 52px\" \/><\/figure><div class=\"wp-block-media-text__content\">\n<p>Arena do Banco do Brasil<br>Quadra 5, Lote B, SAUN, s\/n<br>Asa Norte &#8211; Bras\u00edlia &#8211; DF<\/p>\n<\/div><\/div>\n\n\n\n<div class=\"wp-block-media-text\" style=\"grid-template-columns:15% auto\"><figure class=\"wp-block-media-text__media\"><img loading=\"lazy\" decoding=\"async\" width=\"67\" height=\"60\" src=\"https:\/\/www.forumdodesenvolvimento.com.br\/wp-content\/uploads\/2024\/06\/ico-calendar.png\" alt=\"\" class=\"wp-image-341 size-full\" srcset=\"https:\/\/www.forumdodesenvolvimento.com.br\/wp-content\/uploads\/2024\/06\/ico-calendar.png 67w, https:\/\/www.forumdodesenvolvimento.com.br\/wp-content\/uploads\/2024\/06\/ico-calendar-13x12.png 13w\" sizes=\"auto, (max-width: 67px) 100vw, 67px\" \/><\/figure><div class=\"wp-block-media-text__content\">\n<p>1 e 2 de abril de 2026<\/p>\n<\/div><\/div>\n\n\n\n<div class=\"wp-block-media-text\" style=\"grid-template-columns:15% auto\"><figure class=\"wp-block-media-text__media\"><img loading=\"lazy\" decoding=\"async\" width=\"61\" height=\"61\" src=\"https:\/\/www.forumdodesenvolvimento.com.br\/wp-content\/uploads\/2024\/06\/ico-time.png\" alt=\"\" class=\"wp-image-342 size-full\" srcset=\"https:\/\/www.forumdodesenvolvimento.com.br\/wp-content\/uploads\/2024\/06\/ico-time.png 61w, https:\/\/www.forumdodesenvolvimento.com.br\/wp-content\/uploads\/2024\/06\/ico-time-12x12.png 12w\" sizes=\"auto, (max-width: 61px) 100vw, 61px\" \/><\/figure><div class=\"wp-block-media-text__content\">\n<p>Dia 01: 8h30 \u00e0s 18h00<br>Dia 02: 8h30 \u00e0s 12h<\/p>\n<\/div><\/div>\n<\/div><\/div>\n<\/div><\/div>\n<\/div><\/section>\n\n\n\n<section id=\"forum\" class=\"wp-block-group section\"><div class=\"wp-block-group__inner-container is-layout-flow wp-block-group-is-layout-flow\">\n<div class=\"wp-block-group container\"><div class=\"wp-block-group__inner-container is-layout-flow wp-block-group-is-layout-flow\">\n<h2 class=\"wp-block-heading\">Caminhos para o Desenvolvimento<\/h2>\n\n\n\n<div class=\"wp-block-group column-text\"><div class=\"wp-block-group__inner-container is-layout-flow wp-block-group-is-layout-flow\">\n<p>Em 2026, a Associa\u00e7\u00e3o Brasileira de Desenvolvimento (ABDE) realiza a 11\u00aa edi\u00e7\u00e3o do <strong>F\u00f3rum do Desenvolvimento<\/strong>, o principal encontro do Sistema Nacional de Fomento (SNF) e um dos mais relevantes espa\u00e7os de di\u00e1logo sobre o futuro do desenvolvimento brasileiro.<\/p>\n\n\n\n<p>O evento reunir\u00e1 lideran\u00e7as do setor p\u00fablico, da iniciativa privada e da sociedade civil para um debate estrat\u00e9gico sobre o cen\u00e1rio internacional e o papel transformador dos <strong>Fundos de Pol\u00edticas P\u00fablicas (p\u00fablicos e h\u00edbridos) na promo\u00e7\u00e3o do desenvolvimento sustent\u00e1vel do Brasil<\/strong>. Em um contexto marcado por profundas transforma\u00e7\u00f5es econ\u00f4micas, tecnol\u00f3gicas, clim\u00e1ticas e geopol\u00edticas, o F\u00f3rum se consolida como um ambiente essencial para refletir, inovar e construir solu\u00e7\u00f5es concretas.<\/p>\n\n\n\n<p>Ao longo de sua programa\u00e7\u00e3o, o F\u00f3rum do Desenvolvimento 2026 ir\u00e1 revisitar a trajet\u00f3ria hist\u00f3rica dos fundos p\u00fablicos, analisar experi\u00eancias nacionais e internacionais e discutir caminhos para o aprimoramento de sua governan\u00e7a, gest\u00e3o e impacto. O objetivo \u00e9 impulsionar investimentos estrat\u00e9gicos, fortalecer pol\u00edticas p\u00fablicas de fomento e ampliar a capacidade do pa\u00eds de responder aos desafios do s\u00e9culo XXI.<\/p>\n\n\n\n<p>Com a participa\u00e7\u00e3o de autoridades, especialistas e representantes de institui\u00e7\u00f5es do SNF o evento tamb\u00e9m abordar\u00e1 temas centrais da agenda nacional, como sustentabilidade da d\u00edvida, reforma tribut\u00e1ria, or\u00e7amento p\u00fablico e a urg\u00eancia da a\u00e7\u00e3o clim\u00e1tica.<\/p>\n\n\n\n<p>Mais do que um espa\u00e7o de debate, o F\u00f3rum do Desenvolvimento 2026 \u00e9 um convite \u00e0 a\u00e7\u00e3o. Um encontro para pensar o futuro, conectar ideias, alinhar estrat\u00e9gias e reafirmar o compromisso com um modelo de crescimento mais sustent\u00e1vel, inclusivo e equilibrado para todas as regi\u00f5es do Brasil.<\/p>\n<\/div><\/div>\n<\/div><\/div>\n<\/div><\/section>\n\n\n\n<div class=\"wp-block-group titulo-vazado\"><div class=\"wp-block-group__inner-container is-layout-constrained wp-block-group-is-layout-constrained\">\n<div class=\"wp-block-group container\"><div class=\"wp-block-group__inner-container is-layout-constrained wp-block-group-is-layout-constrained\">\n<h2 class=\"wp-block-heading has-text-align-center\">The National Development Financial System and ABDE<\/h2>\n<\/div><\/div>\n<\/div><\/div>\n\n\n\n<section id=\"abde\" class=\"wp-block-group section\"><div class=\"wp-block-group__inner-container is-layout-flow wp-block-group-is-layout-flow\">\n<div class=\"wp-block-group container\"><div class=\"wp-block-group__inner-container is-layout-flow wp-block-group-is-layout-flow\">\n<div class=\"wp-block-group mapa-container\"><div class=\"wp-block-group__inner-container is-layout-constrained wp-block-group-is-layout-constrained\"><div class=\"mapa\">\r\n\t<img decoding=\"async\" src=\"https:\/\/www.forumdodesenvolvimento.com.br\/wp-content\/themes\/forum2026\/assets\/img\/mapa2026.png\" alt=\"Mapa do Brasil\">\r\n\r\n\t<div class=\"links\">\r\n\t\t\t\t<a href=\"https:\/\/www.agerio.com.br\/\"\r\n\t\t\tid=\"agerio\"\r\n\t\t\ttitle=\"AgeRio\"\r\n\t\t\ttarget=\"_blank\"\r\n\t\t\trel=\"nofollow noopener\"\r\n\t\t><\/a>\r\n\t\t\t\t<a href=\"http:\/\/desenvolve.rr.gov.br\/\"\r\n\t\t\tid=\"desenvolve_rr\"\r\n\t\t\ttitle=\"Desenvolve Roraima\"\r\n\t\t\ttarget=\"_blank\"\r\n\t\t\trel=\"nofollow noopener\"\r\n\t\t><\/a>\r\n\t\t\t\t<a href=\"http:\/\/www.age.pe.gov.br\/\"\r\n\t\t\tid=\"age_pe\"\r\n\t\t\ttitle=\"Ag\u00eancia de Empreendedorismo de Pernambuco\"\r\n\t\t\ttarget=\"_blank\"\r\n\t\t\trel=\"nofollow noopener\"\r\n\t\t><\/a>\r\n\t\t\t\t<a href=\"https:\/\/www.desenvolvesp.com.br\/\"\r\n\t\t\tid=\"desenvolvesp\"\r\n\t\t\ttitle=\"Desenvolve SP\"\r\n\t\t\ttarget=\"_blank\"\r\n\t\t\trel=\"nofollow noopener\"\r\n\t\t><\/a>\r\n\t\t\t\t<a href=\"https:\/\/www.desenvolve-al.com.br\/\"\r\n\t\t\tid=\"desenvolve-al\"\r\n\t\t\ttitle=\"Desenvolve AL\"\r\n\t\t\ttarget=\"_blank\"\r\n\t\t\trel=\"nofollow noopener\"\r\n\t\t><\/a>\r\n\t\t\t\t<a href=\"https:\/\/www.desenbahia.ba.gov.br\/\"\r\n\t\t\tid=\"desenbahia\"\r\n\t\t\ttitle=\"Desenbahia\"\r\n\t\t\ttarget=\"_blank\"\r\n\t\t\trel=\"nofollow noopener\"\r\n\t\t><\/a>\r\n\t\t\t\t<a href=\"https:\/\/www.goiasfomento.com\/\"\r\n\t\t\tid=\"goiasfomento\"\r\n\t\t\ttitle=\"Goi\u00e1sFomento\"\r\n\t\t\ttarget=\"_blank\"\r\n\t\t\trel=\"nofollow noopener\"\r\n\t\t><\/a>\r\n\t\t\t\t<a href=\"http:\/\/www.desenvolve.mt.gov.br\/\"\r\n\t\t\tid=\"desenvolve_mt\"\r\n\t\t\ttitle=\"Desenvolve MT\"\r\n\t\t\ttarget=\"_blank\"\r\n\t\t\trel=\"nofollow noopener\"\r\n\t\t><\/a>\r\n\t\t\t\t<a href=\"http:\/\/www.badesc.gov.br\/portal\/\"\r\n\t\t\tid=\"badesc\"\r\n\t\t\ttitle=\"Badesc\"\r\n\t\t\ttarget=\"_blank\"\r\n\t\t\trel=\"nofollow noopener\"\r\n\t\t><\/a>\r\n\t\t\t\t<a href=\"http:\/\/www.fomento.to.gov.br\/\"\r\n\t\t\tid=\"fomento_to\"\r\n\t\t\ttitle=\"Ag\u00eancia de Fomento do Estado do Tocantins\"\r\n\t\t\ttarget=\"_blank\"\r\n\t\t\trel=\"nofollow noopener\"\r\n\t\t><\/a>\r\n\t\t\t\t<a href=\"https:\/\/www.afap.ap.gov.br\/\"\r\n\t\t\tid=\"afap_ap\"\r\n\t\t\ttitle=\"Afap\"\r\n\t\t\ttarget=\"_blank\"\r\n\t\t\trel=\"nofollow noopener\"\r\n\t\t><\/a>\r\n\t\t\t\t<a href=\"http:\/\/www.afeam.am.gov.br\/\"\r\n\t\t\tid=\"afeam_am\"\r\n\t\t\ttitle=\"Afeam\"\r\n\t\t\ttarget=\"_blank\"\r\n\t\t\trel=\"nofollow noopener\"\r\n\t\t><\/a>\r\n\t\t\t\t<a href=\"http:\/\/www.fomento.pr.gov.br\/\"\r\n\t\t\tid=\"fomento_pr\"\r\n\t\t\ttitle=\"Fomento Paran\u00e1\"\r\n\t\t\ttarget=\"_blank\"\r\n\t\t\trel=\"nofollow noopener\"\r\n\t\t><\/a>\r\n\t\t\t\t<a href=\"http:\/\/www.agn.rn.gov.br\/\"\r\n\t\t\tid=\"agn_rn\"\r\n\t\t\ttitle=\"AGN\"\r\n\t\t\ttarget=\"_blank\"\r\n\t\t\trel=\"nofollow noopener\"\r\n\t\t><\/a>\r\n\t\t\t\t<a href=\"https:\/\/www.badesul.com.br\/\"\r\n\t\t\tid=\"badesul\"\r\n\t\t\ttitle=\"Badesul\"\r\n\t\t\ttarget=\"_blank\"\r\n\t\t\trel=\"nofollow noopener\"\r\n\t\t><\/a>\r\n\t\t\t\t<a href=\"http:\/\/www.fomento.pi.gov.br\/\"\r\n\t\t\tid=\"fomento_pi\"\r\n\t\t\ttitle=\"Piau\u00ed Fomento\"\r\n\t\t\ttarget=\"_blank\"\r\n\t\t\trel=\"nofollow noopener\"\r\n\t\t><\/a>\r\n\t\t\t\t<a href=\"https:\/\/www.bndes.gov.br\/wps\/portal\/site\/home\"\r\n\t\t\tid=\"bndes\"\r\n\t\t\ttitle=\"BNDES\"\r\n\t\t\ttarget=\"_blank\"\r\n\t\t\trel=\"nofollow noopener\"\r\n\t\t><\/a>\r\n\t\t\t\t<a href=\"https:\/\/www.brde.com.br\/\"\r\n\t\t\tid=\"brde\"\r\n\t\t\ttitle=\"BRDE\"\r\n\t\t\ttarget=\"_blank\"\r\n\t\t\trel=\"nofollow noopener\"\r\n\t\t><\/a>\r\n\t\t\t\t<a href=\"https:\/\/www.bancoamazonia.com.br\/\"\r\n\t\t\tid=\"bancoamazonia\"\r\n\t\t\ttitle=\"Banco da Amaz\u00f4nia\"\r\n\t\t\ttarget=\"_blank\"\r\n\t\t\trel=\"nofollow noopener\"\r\n\t\t><\/a>\r\n\t\t\t\t<a href=\"https:\/\/novo.brb.com.br\/\"\r\n\t\t\tid=\"brb\"\r\n\t\t\ttitle=\"Banco de Bras\u00edlia\"\r\n\t\t\ttarget=\"_blank\"\r\n\t\t\trel=\"nofollow noopener\"\r\n\t\t><\/a>\r\n\t\t\t\t<a href=\"https:\/\/www.bdmg.mg.gov.br\/\"\r\n\t\t\tid=\"bdmg\"\r\n\t\t\ttitle=\"BDMG\"\r\n\t\t\ttarget=\"_blank\"\r\n\t\t\trel=\"nofollow noopener\"\r\n\t\t><\/a>\r\n\t\t\t\t<a href=\"http:\/\/www.bandes.com.br\/site\"\r\n\t\t\tid=\"bandes\"\r\n\t\t\ttitle=\"Bandes\"\r\n\t\t\ttarget=\"_blank\"\r\n\t\t\trel=\"nofollow noopener\"\r\n\t\t><\/a>\r\n\t\t\t\t<a href=\"https:\/\/www.bb.com.br\/pbb\/pagina-inicial#\/\"\r\n\t\t\tid=\"bb\"\r\n\t\t\ttitle=\"Banco do Brasil\"\r\n\t\t\ttarget=\"_blank\"\r\n\t\t\trel=\"nofollow noopener\"\r\n\t\t><\/a>\r\n\t\t\t\t<a href=\"https:\/\/www.banestes.com.br\/\"\r\n\t\t\tid=\"banestes\"\r\n\t\t\ttitle=\"Banestes\"\r\n\t\t\ttarget=\"_blank\"\r\n\t\t\trel=\"nofollow noopener\"\r\n\t\t><\/a>\r\n\t\t\t\t<a href=\"https:\/\/www.banpara.b.br\/\"\r\n\t\t\tid=\"banpara\"\r\n\t\t\ttitle=\"Banpar\u00e1\"\r\n\t\t\ttarget=\"_blank\"\r\n\t\t\trel=\"nofollow noopener\"\r\n\t\t><\/a>\r\n\t\t\t\t<a href=\"https:\/\/www.bnb.gov.br\/\"\r\n\t\t\tid=\"bnb\"\r\n\t\t\ttitle=\"Banco do Nordeste\"\r\n\t\t\ttarget=\"_blank\"\r\n\t\t\trel=\"nofollow noopener\"\r\n\t\t><\/a>\r\n\t\t\t\t<a href=\"https:\/\/cresol.com.br\/\"\r\n\t\t\tid=\"cresol\"\r\n\t\t\ttitle=\"Cresol\"\r\n\t\t\ttarget=\"_blank\"\r\n\t\t\trel=\"nofollow noopener\"\r\n\t\t><\/a>\r\n\t\t\t\t<a href=\"http:\/\/www.finep.gov.br\/\"\r\n\t\t\tid=\"finep\"\r\n\t\t\ttitle=\"Finep\"\r\n\t\t\ttarget=\"_blank\"\r\n\t\t\trel=\"nofollow noopener\"\r\n\t\t><\/a>\r\n\t\t\t\t<a href=\"https:\/\/www.sebrae.com.br\/sites\/PortalSebrae\"\r\n\t\t\tid=\"sebrae\"\r\n\t\t\ttitle=\"Sebrae\"\r\n\t\t\ttarget=\"_blank\"\r\n\t\t\trel=\"nofollow noopener\"\r\n\t\t><\/a>\r\n\t\t\t\t<a href=\"https:\/\/www.sicredi.com.br\/site\/home\"\r\n\t\t\tid=\"sicredi\"\r\n\t\t\ttitle=\"Sicredi\"\r\n\t\t\ttarget=\"_blank\"\r\n\t\t\trel=\"nofollow noopener\"\r\n\t\t><\/a>\r\n\t\t\t\t<a href=\"https:\/\/www.sicoob.com.br\/\"\r\n\t\t\tid=\"sicoob\"\r\n\t\t\ttitle=\"Sicoob\"\r\n\t\t\ttarget=\"_blank\"\r\n\t\t\trel=\"nofollow noopener\"\r\n\t\t><\/a>\r\n\t\t\t\t<a href=\"https:\/\/www.banese.com.br\/\"\r\n\t\t\tid=\"banese\"\r\n\t\t\ttitle=\"Banese\"\r\n\t\t\ttarget=\"_blank\"\r\n\t\t\trel=\"nofollow noopener\"\r\n\t\t><\/a>\r\n\t\t\t\t<a href=\"https:\/\/www.banrisul.com.br\/\"\r\n\t\t\tid=\"banrisul\"\r\n\t\t\ttitle=\"Banrisul\"\r\n\t\t\ttarget=\"_blank\"\r\n\t\t\trel=\"nofollow noopener\"\r\n\t\t><\/a>\r\n\t\t\t\t<a href=\"https:\/\/www.caixa.gov.br\/Paginas\/home-caixa.aspx\"\r\n\t\t\tid=\"caixa\"\r\n\t\t\ttitle=\"Caixa Econ\u00f4mica Federal\"\r\n\t\t\ttarget=\"_blank\"\r\n\t\t\trel=\"nofollow noopener\"\r\n\t\t><\/a>\r\n\t\t\t\t<a href=\"https:\/\/www.ailos.coop.br\/\"\r\n\t\t\tid=\"ailos\"\r\n\t\t\ttitle=\"AILOS - Sistema de Cooperativas\"\r\n\t\t\ttarget=\"_blank\"\r\n\t\t\trel=\"nofollow noopener\"\r\n\t\t><\/a>\r\n\t\t\t<\/div>\r\n<\/div>\r\n\r\n\n<\/div><\/div>\n\n\n\n<div class=\"wp-block-group texto\"><div class=\"wp-block-group__inner-container is-layout-constrained wp-block-group-is-layout-constrained\">\n<p>The Brazilian Development Association (ABDE) brings together the Development Financial Institutions (DFIs) present throughout the country - federal public banks, development banks controlled by states, cooperative banks, state commercial public banks with development portfolios, and development agencies -. in addition to Finep and Sebrae. <strong>Essas institui\u00e7\u00f5es, 35 ao todo, comp\u00f5em o Sistema Nacional de Fomento (SNF).<\/strong><\/p>\n\n\n\n<p>The NDFS is a federative development network, which brings together IFDs with a regional reach, thats is, being federal, regional, and subnational, present throughout the country and knowledgeable about the specificities of each location. In addition to funding, it contributes with expertise and services to the sustainable development of Brazilian regions.<\/p>\n\n\n\n<p>Over time, the system has been na important tool for overcoming the various challenges the Brazil has faced in its quest for economic development, and has playing a fundamental role in enabling the country to make the necessary transformations required at any given time.<\/p>\n\n\n\n<p>Through the regional presence of the Development Financial Institutions and their talent for credit, the NFDS reaches all regions of the country and acts according to their specificities, based on public policies defined as priorities in each region, to finance projects that provide for sustainable growth of cities and states, expanding the reach of the National Financial System. The National Development Financial System is responsible for 70% of investment in Brazil and is fundamental to Brazil's sustainable development.<\/p>\n<\/div><\/div>\n\n\n\n<div class=\"wp-block-buttons is-layout-flex wp-block-buttons-is-layout-flex\">\n<div class=\"wp-block-button\"><a class=\"wp-block-button__link wp-element-button\" href=\"https:\/\/abde.org.br\" target=\"_blank\" rel=\"noreferrer noopener\">Learn more<\/a><\/div>\n<\/div>\n<\/div><\/div>\n<\/div><\/section>","protected":false},"excerpt":{"rendered":"<p>Da Arquitetura Financeira Internacional aos Fundos P\u00fablicos nacionais: Caminhos para o Desenvolvimento Arena do Banco do BrasilQuadra 5, Lote B, SAUN, s\/nAsa Norte &#8211; Bras\u00edlia &#8211; DF 1 e 2 de abril de 2026 Dia 01: 8h30 \u00e0s 18h00Dia 02: 8h30 \u00e0s 12h Caminhos para o Desenvolvimento Em 2026, a Associa\u00e7\u00e3o Brasileira de Desenvolvimento (ABDE) [&hellip;]<\/p>","protected":false},"author":1,"featured_media":0,"parent":0,"menu_order":0,"comment_status":"closed","ping_status":"closed","template":"","meta":{"footnotes":""},"class_list":["post-446","page","type-page","status-publish","hentry"],"_links":{"self":[{"href":"https:\/\/www.forumdodesenvolvimento.com.br\/en_us\/wp-json\/wp\/v2\/pages\/446","targetHints":{"allow":["GET"]}}],"collection":[{"href":"https:\/\/www.forumdodesenvolvimento.com.br\/en_us\/wp-json\/wp\/v2\/pages"}],"about":[{"href":"https:\/\/www.forumdodesenvolvimento.com.br\/en_us\/wp-json\/wp\/v2\/types\/page"}],"author":[{"embeddable":true,"href":"https:\/\/www.forumdodesenvolvimento.com.br\/en_us\/wp-json\/wp\/v2\/users\/1"}],"replies":[{"embeddable":true,"href":"https:\/\/www.forumdodesenvolvimento.com.br\/en_us\/wp-json\/wp\/v2\/comments?post=446"}],"version-history":[{"count":16,"href":"https:\/\/www.forumdodesenvolvimento.com.br\/en_us\/wp-json\/wp\/v2\/pages\/446\/revisions"}],"predecessor-version":[{"id":492,"href":"https:\/\/www.forumdodesenvolvimento.com.br\/en_us\/wp-json\/wp\/v2\/pages\/446\/revisions\/492"}],"wp:attachment":[{"href":"https:\/\/www.forumdodesenvolvimento.com.br\/en_us\/wp-json\/wp\/v2\/media?parent=446"}],"curies":[{"name":"wp","href":"https:\/\/api.w.org\/{rel}","templated":true}]}}