{"id":74,"date":"2021-04-08T03:21:59","date_gmt":"2021-04-08T06:21:59","guid":{"rendered":"http:\/\/localhost\/?page_id=74"},"modified":"2021-04-08T03:23:24","modified_gmt":"2021-04-08T06:23:24","slug":"snf","status":"publish","type":"page","link":"https:\/\/www.forumdodesenvolvimento.com.br\/en_us\/snf\/","title":{"rendered":"NDFS"},"content":{"rendered":"<p><strong>National Development Financial System<\/strong><br>\nThe National Development Financial System (NDFS) is a federative development finance network that brings together Brazilian development financial institutions (DFIs) of various regional levels \u2013 national, subnational or focused on particular macro regions, such as the Amazon region.<\/p>\n\n\n\n<p>Over the course of decades, the NDFS has been an important instrument in promoting Brazil\u2019s economic development, playing a fundamental role in the financing of the transformative goals required at each moment.&nbsp;<\/p>\n\n\n\n<p>In addition to financing businesses and the public sector, the NDFS contributes with the local expertise of its members to support sustainable development policies aligned with specific regional challenges. The comprehensive regional reach of Brazilian DFIs \u2013 coordinated within the NDFS \u2013 ensures that international and national development policies are implemented throughout the country and in line with local priorities.<\/p>\n\n\n\n<p>The Brazilian NDFS is not a unique example. Many other countries rely on development finance systems, operating in different regions and segments of the credit market, to implement public policies. In Germany, the KfW is connected to more than 17 regional public banks, while countries such as France, South Korea, China, Mexico, and the United States also count on a wide range of complementary DFIs.<\/p>","protected":false},"excerpt":{"rendered":"<p>O Sistema Nacional de Fomento (SNF) \u00e9 uma rede federativa de fomento, que re\u00fane institui\u00e7\u00f5es de alcance regional, sendo federais, regionais e subnacionais, presentes em todo o pa\u00eds e conhecedoras das especificidades de cada local. Al\u00e9m de financiamentos, contribui com expertise e servi\u00e7os para o desenvolvimento sustent\u00e1vel das regi\u00f5es. O SNF tem sido, ao longo [&hellip;]<\/p>","protected":false},"author":1,"featured_media":0,"parent":0,"menu_order":30,"comment_status":"closed","ping_status":"closed","template":"","meta":{"footnotes":""},"class_list":["post-74","page","type-page","status-publish","hentry"],"_links":{"self":[{"href":"https:\/\/www.forumdodesenvolvimento.com.br\/en_us\/wp-json\/wp\/v2\/pages\/74","targetHints":{"allow":["GET"]}}],"collection":[{"href":"https:\/\/www.forumdodesenvolvimento.com.br\/en_us\/wp-json\/wp\/v2\/pages"}],"about":[{"href":"https:\/\/www.forumdodesenvolvimento.com.br\/en_us\/wp-json\/wp\/v2\/types\/page"}],"author":[{"embeddable":true,"href":"https:\/\/www.forumdodesenvolvimento.com.br\/en_us\/wp-json\/wp\/v2\/users\/1"}],"replies":[{"embeddable":true,"href":"https:\/\/www.forumdodesenvolvimento.com.br\/en_us\/wp-json\/wp\/v2\/comments?post=74"}],"version-history":[{"count":2,"href":"https:\/\/www.forumdodesenvolvimento.com.br\/en_us\/wp-json\/wp\/v2\/pages\/74\/revisions"}],"predecessor-version":[{"id":77,"href":"https:\/\/www.forumdodesenvolvimento.com.br\/en_us\/wp-json\/wp\/v2\/pages\/74\/revisions\/77"}],"wp:attachment":[{"href":"https:\/\/www.forumdodesenvolvimento.com.br\/en_us\/wp-json\/wp\/v2\/media?parent=74"}],"curies":[{"name":"wp","href":"https:\/\/api.w.org\/{rel}","templated":true}]}}